
{"id":1026,"date":"2017-11-12T13:36:01","date_gmt":"2017-11-12T12:36:01","guid":{"rendered":"https:\/\/www.ducotedesolivades.com\/actualites-de-lhotel\/a-lhotel\/"},"modified":"2018-12-06T14:40:44","modified_gmt":"2018-12-06T13:40:44","slug":"the-hotel","status":"publish","type":"page","link":"https:\/\/www.ducotedesolivades.com\/en\/news-provence-alpilles\/the-hotel","title":{"rendered":"At the hotel"},"content":{"rendered":"<p style=\"text-align: center;\">To help you prepare your stay in your 4-star hotel,<br \/>\nhere is the news of what&#8217;s going on in and around the C\u00f4t\u00e9 des Olivades!<br \/>\nFrom Arles to Avignon, from the Alpilles to the Luberon, via the Camargue,<br \/>\ndiscover the news and the program of the festivities of the towns and villages of the region.<\/p>\n","protected":false},"excerpt":{"rendered":"<p>To help you prepare your stay in your 4-star hotel, here is the news of what&#8217;s going on in and around the C\u00f4t\u00e9 des Olivades! From Arles to Avignon, from the Alpilles to the Luberon, via the Camargue, discover the news and the program of the festivities of the towns and villages of the region.<\/p>\n","protected":false},"author":3,"featured_media":789,"parent":1024,"menu_order":0,"comment_status":"closed","ping_status":"closed","template":"actualites.php","meta":{"_acf_changed":false,"footnotes":""},"acf":[],"yoast_head":"<!-- This site is optimized with the Yoast SEO plugin v22.2 - https:\/\/yoast.com\/wordpress\/plugins\/seo\/ -->\n<title>Hotel news du C\u00f4t\u00e9 des Olivades**** Baux-de-Provence<\/title>\n<meta name=\"description\" content=\"All the latest news about the 4-star spa hotel du C\u00f4t\u00e9 des Olivades at the foot of Les Baux-de-Provence\u2019s castle between Arles and Avignon.\" \/>\n<meta name=\"robots\" content=\"index, follow, max-snippet:-1, max-image-preview:large, max-video-preview:-1\" \/>\n<link rel=\"canonical\" href=\"https:\/\/www.ducotedesolivades.com\/actualite-provence-alpilles\/a-lhotel\" \/>\n<meta property=\"og:locale\" content=\"en_US\" \/>\n<meta property=\"og:type\" content=\"article\" \/>\n<meta property=\"og:title\" content=\"Hotel news du C\u00f4t\u00e9 des Olivades**** Baux-de-Provence\" \/>\n<meta property=\"og:description\" content=\"All the latest news about the 4-star spa hotel du C\u00f4t\u00e9 des Olivades at the foot of Les Baux-de-Provence\u2019s castle between Arles and Avignon.\" \/>\n<meta property=\"og:url\" content=\"https:\/\/www.ducotedesolivades.com\/actualite-provence-alpilles\/a-lhotel\" \/>\n<meta property=\"og:site_name\" content=\"du c\u00f4t\u00e9 des olivades\" \/>\n<meta property=\"article:modified_time\" content=\"2018-12-06T13:40:44+00:00\" \/>\n<meta property=\"og:image\" content=\"https:\/\/www.ducotedesolivades.com\/wp-content\/uploads\/2017\/10\/D3X3937HD.jpg\" \/>\n\t<meta property=\"og:image:width\" content=\"1365\" \/>\n\t<meta property=\"og:image:height\" content=\"2048\" \/>\n\t<meta property=\"og:image:type\" content=\"image\/jpeg\" \/>\n<meta name=\"twitter:card\" content=\"summary_large_image\" \/>\n<script type=\"application\/ld+json\" class=\"yoast-schema-graph\">{\"@context\":\"https:\/\/schema.org\",\"@graph\":[{\"@type\":\"WebPage\",\"@id\":\"https:\/\/www.ducotedesolivades.com\/actualite-provence-alpilles\/a-lhotel\",\"url\":\"https:\/\/www.ducotedesolivades.com\/actualite-provence-alpilles\/a-lhotel\",\"name\":\"Hotel news du C\u00f4t\u00e9 des Olivades**** Baux-de-Provence\",\"isPartOf\":{\"@id\":\"https:\/\/www.ducotedesolivades.com\/#website\"},\"primaryImageOfPage\":{\"@id\":\"https:\/\/www.ducotedesolivades.com\/actualite-provence-alpilles\/a-lhotel#primaryimage\"},\"image\":{\"@id\":\"https:\/\/www.ducotedesolivades.com\/actualite-provence-alpilles\/a-lhotel#primaryimage\"},\"thumbnailUrl\":\"https:\/\/www.ducotedesolivades.com\/wp-content\/uploads\/2017\/10\/D3X3937HD.jpg\",\"datePublished\":\"2017-11-12T12:36:01+00:00\",\"dateModified\":\"2018-12-06T13:40:44+00:00\",\"description\":\"All the latest news about the 4-star spa hotel du C\u00f4t\u00e9 des Olivades at the foot of Les Baux-de-Provence\u2019s castle between Arles and Avignon.\",\"breadcrumb\":{\"@id\":\"https:\/\/www.ducotedesolivades.com\/actualite-provence-alpilles\/a-lhotel#breadcrumb\"},\"inLanguage\":\"en-US\",\"potentialAction\":[{\"@type\":\"ReadAction\",\"target\":[\"https:\/\/www.ducotedesolivades.com\/actualite-provence-alpilles\/a-lhotel\"]}]},{\"@type\":\"ImageObject\",\"inLanguage\":\"en-US\",\"@id\":\"https:\/\/www.ducotedesolivades.com\/actualite-provence-alpilles\/a-lhotel#primaryimage\",\"url\":\"https:\/\/www.ducotedesolivades.com\/wp-content\/uploads\/2017\/10\/D3X3937HD.jpg\",\"contentUrl\":\"https:\/\/www.ducotedesolivades.com\/wp-content\/uploads\/2017\/10\/D3X3937HD.jpg\",\"width\":1365,\"height\":2048},{\"@type\":\"BreadcrumbList\",\"@id\":\"https:\/\/www.ducotedesolivades.com\/actualite-provence-alpilles\/a-lhotel#breadcrumb\",\"itemListElement\":[{\"@type\":\"ListItem\",\"position\":1,\"name\":\"Accueil\",\"item\":\"https:\/\/www.ducotedesolivades.com\/en\"},{\"@type\":\"ListItem\",\"position\":2,\"name\":\"News\",\"item\":\"https:\/\/www.ducotedesolivades.com\/actualite-provence-alpilles\"},{\"@type\":\"ListItem\",\"position\":3,\"name\":\"At the hotel\"}]},{\"@type\":\"WebSite\",\"@id\":\"https:\/\/www.ducotedesolivades.com\/#website\",\"url\":\"https:\/\/www.ducotedesolivades.com\/\",\"name\":\"du c\u00f4t\u00e9 des olivades\",\"description\":\"\",\"potentialAction\":[{\"@type\":\"SearchAction\",\"target\":{\"@type\":\"EntryPoint\",\"urlTemplate\":\"https:\/\/www.ducotedesolivades.com\/?s={search_term_string}\"},\"query-input\":\"required name=search_term_string\"}],\"inLanguage\":\"en-US\"}]}<\/script>\n<!-- \/ Yoast SEO plugin. -->","yoast_head_json":{"title":"Hotel news du C\u00f4t\u00e9 des Olivades**** Baux-de-Provence","description":"All the latest news about the 4-star spa hotel du C\u00f4t\u00e9 des Olivades at the foot of Les Baux-de-Provence\u2019s castle between Arles and Avignon.","robots":{"index":"index","follow":"follow","max-snippet":"max-snippet:-1","max-image-preview":"max-image-preview:large","max-video-preview":"max-video-preview:-1"},"canonical":"https:\/\/www.ducotedesolivades.com\/actualite-provence-alpilles\/a-lhotel","og_locale":"en_US","og_type":"article","og_title":"Hotel news du C\u00f4t\u00e9 des Olivades**** Baux-de-Provence","og_description":"All the latest news about the 4-star spa hotel du C\u00f4t\u00e9 des Olivades at the foot of Les Baux-de-Provence\u2019s castle between Arles and Avignon.","og_url":"https:\/\/www.ducotedesolivades.com\/actualite-provence-alpilles\/a-lhotel","og_site_name":"du c\u00f4t\u00e9 des olivades","article_modified_time":"2018-12-06T13:40:44+00:00","og_image":[{"width":1365,"height":2048,"url":"https:\/\/www.ducotedesolivades.com\/wp-content\/uploads\/2017\/10\/D3X3937HD.jpg","type":"image\/jpeg"}],"twitter_card":"summary_large_image","schema":{"@context":"https:\/\/schema.org","@graph":[{"@type":"WebPage","@id":"https:\/\/www.ducotedesolivades.com\/actualite-provence-alpilles\/a-lhotel","url":"https:\/\/www.ducotedesolivades.com\/actualite-provence-alpilles\/a-lhotel","name":"Hotel news du C\u00f4t\u00e9 des Olivades**** Baux-de-Provence","isPartOf":{"@id":"https:\/\/www.ducotedesolivades.com\/#website"},"primaryImageOfPage":{"@id":"https:\/\/www.ducotedesolivades.com\/actualite-provence-alpilles\/a-lhotel#primaryimage"},"image":{"@id":"https:\/\/www.ducotedesolivades.com\/actualite-provence-alpilles\/a-lhotel#primaryimage"},"thumbnailUrl":"https:\/\/www.ducotedesolivades.com\/wp-content\/uploads\/2017\/10\/D3X3937HD.jpg","datePublished":"2017-11-12T12:36:01+00:00","dateModified":"2018-12-06T13:40:44+00:00","description":"All the latest news about the 4-star spa hotel du C\u00f4t\u00e9 des Olivades at the foot of Les Baux-de-Provence\u2019s castle between Arles and Avignon.","breadcrumb":{"@id":"https:\/\/www.ducotedesolivades.com\/actualite-provence-alpilles\/a-lhotel#breadcrumb"},"inLanguage":"en-US","potentialAction":[{"@type":"ReadAction","target":["https:\/\/www.ducotedesolivades.com\/actualite-provence-alpilles\/a-lhotel"]}]},{"@type":"ImageObject","inLanguage":"en-US","@id":"https:\/\/www.ducotedesolivades.com\/actualite-provence-alpilles\/a-lhotel#primaryimage","url":"https:\/\/www.ducotedesolivades.com\/wp-content\/uploads\/2017\/10\/D3X3937HD.jpg","contentUrl":"https:\/\/www.ducotedesolivades.com\/wp-content\/uploads\/2017\/10\/D3X3937HD.jpg","width":1365,"height":2048},{"@type":"BreadcrumbList","@id":"https:\/\/www.ducotedesolivades.com\/actualite-provence-alpilles\/a-lhotel#breadcrumb","itemListElement":[{"@type":"ListItem","position":1,"name":"Accueil","item":"https:\/\/www.ducotedesolivades.com\/en"},{"@type":"ListItem","position":2,"name":"News","item":"https:\/\/www.ducotedesolivades.com\/actualite-provence-alpilles"},{"@type":"ListItem","position":3,"name":"At the hotel"}]},{"@type":"WebSite","@id":"https:\/\/www.ducotedesolivades.com\/#website","url":"https:\/\/www.ducotedesolivades.com\/","name":"du c\u00f4t\u00e9 des olivades","description":"","potentialAction":[{"@type":"SearchAction","target":{"@type":"EntryPoint","urlTemplate":"https:\/\/www.ducotedesolivades.com\/?s={search_term_string}"},"query-input":"required name=search_term_string"}],"inLanguage":"en-US"}]}},"_links":{"self":[{"href":"https:\/\/www.ducotedesolivades.com\/en\/wp-json\/wp\/v2\/pages\/1026"}],"collection":[{"href":"https:\/\/www.ducotedesolivades.com\/en\/wp-json\/wp\/v2\/pages"}],"about":[{"href":"https:\/\/www.ducotedesolivades.com\/en\/wp-json\/wp\/v2\/types\/page"}],"author":[{"embeddable":true,"href":"https:\/\/www.ducotedesolivades.com\/en\/wp-json\/wp\/v2\/users\/3"}],"replies":[{"embeddable":true,"href":"https:\/\/www.ducotedesolivades.com\/en\/wp-json\/wp\/v2\/comments?post=1026"}],"version-history":[{"count":2,"href":"https:\/\/www.ducotedesolivades.com\/en\/wp-json\/wp\/v2\/pages\/1026\/revisions"}],"predecessor-version":[{"id":2253,"href":"https:\/\/www.ducotedesolivades.com\/en\/wp-json\/wp\/v2\/pages\/1026\/revisions\/2253"}],"up":[{"embeddable":true,"href":"https:\/\/www.ducotedesolivades.com\/en\/wp-json\/wp\/v2\/pages\/1024"}],"wp:featuredmedia":[{"embeddable":true,"href":"https:\/\/www.ducotedesolivades.com\/en\/wp-json\/wp\/v2\/media\/789"}],"wp:attachment":[{"href":"https:\/\/www.ducotedesolivades.com\/en\/wp-json\/wp\/v2\/media?parent=1026"}],"curies":[{"name":"wp","href":"https:\/\/api.w.org\/{rel}","templated":true}]}}