
{"id":1045,"date":"2017-11-12T09:03:46","date_gmt":"2017-11-12T08:03:46","guid":{"rendered":"https:\/\/www.ducotedesolivades.com\/bien-etre\/soins-prestations\/"},"modified":"2025-10-27T09:46:06","modified_gmt":"2025-10-27T08:46:06","slug":"treatments-and-services","status":"publish","type":"page","link":"https:\/\/www.ducotedesolivades.com\/en\/spa-provence-alpilles\/treatments-and-services","title":{"rendered":"Care &#038; Treatments"},"content":{"rendered":"","protected":false},"excerpt":{"rendered":"","protected":false},"author":3,"featured_media":2131,"parent":1035,"menu_order":0,"comment_status":"closed","ping_status":"closed","template":"","meta":{"_acf_changed":false,"footnotes":""},"acf":[],"yoast_head":"<!-- This site is optimized with the Yoast SEO plugin v22.2 - https:\/\/yoast.com\/wordpress\/plugins\/seo\/ -->\n<title>Spa treatments Baux-de Provence du C\u00f4t\u00e9 des Olivades****<\/title>\n<meta name=\"description\" content=\"The du C\u00f4t\u00e9 des Olivades spa is the only spa in Provence to work with the 3 largest aesthetics and well-being specialists: Carita, Decl\u00e9or &amp; SkinCeuticals.\" \/>\n<meta name=\"robots\" content=\"index, follow, max-snippet:-1, max-image-preview:large, max-video-preview:-1\" \/>\n<link rel=\"canonical\" href=\"https:\/\/www.ducotedesolivades.com\/en\/spa-provence-alpilles\/treatments-and-services\" \/>\n<meta property=\"og:locale\" content=\"en_US\" \/>\n<meta property=\"og:type\" content=\"article\" \/>\n<meta property=\"og:title\" content=\"Spa treatments Baux-de Provence du C\u00f4t\u00e9 des Olivades****\" \/>\n<meta property=\"og:description\" content=\"The du C\u00f4t\u00e9 des Olivades spa is the only spa in Provence to work with the 3 largest aesthetics and well-being specialists: Carita, Decl\u00e9or &amp; SkinCeuticals.\" \/>\n<meta property=\"og:url\" content=\"https:\/\/www.ducotedesolivades.com\/en\/spa-provence-alpilles\/treatments-and-services\" \/>\n<meta property=\"og:site_name\" content=\"du c\u00f4t\u00e9 des olivades\" \/>\n<meta property=\"article:modified_time\" content=\"2025-10-27T08:46:06+00:00\" \/>\n<meta property=\"og:image\" content=\"https:\/\/www.ducotedesolivades.com\/wp-content\/uploads\/2017\/11\/soins-massages-skinceuticals-carita-decleor-provence-alpilles.jpg\" \/>\n\t<meta property=\"og:image:width\" content=\"2000\" \/>\n\t<meta property=\"og:image:height\" content=\"370\" \/>\n\t<meta property=\"og:image:type\" content=\"image\/jpeg\" \/>\n<meta name=\"twitter:card\" content=\"summary_large_image\" \/>\n<meta name=\"twitter:label1\" content=\"Est. reading time\" \/>\n\t<meta name=\"twitter:data1\" content=\"1 minute\" \/>\n<script type=\"application\/ld+json\" class=\"yoast-schema-graph\">{\"@context\":\"https:\/\/schema.org\",\"@graph\":[{\"@type\":\"WebPage\",\"@id\":\"https:\/\/www.ducotedesolivades.com\/en\/spa-provence-alpilles\/treatments-and-services\",\"url\":\"https:\/\/www.ducotedesolivades.com\/en\/spa-provence-alpilles\/treatments-and-services\",\"name\":\"Spa treatments Baux-de Provence du C\u00f4t\u00e9 des Olivades****\",\"isPartOf\":{\"@id\":\"https:\/\/www.ducotedesolivades.com\/#website\"},\"primaryImageOfPage\":{\"@id\":\"https:\/\/www.ducotedesolivades.com\/en\/spa-provence-alpilles\/treatments-and-services#primaryimage\"},\"image\":{\"@id\":\"https:\/\/www.ducotedesolivades.com\/en\/spa-provence-alpilles\/treatments-and-services#primaryimage\"},\"thumbnailUrl\":\"https:\/\/www.ducotedesolivades.com\/wp-content\/uploads\/2017\/11\/soins-massages-skinceuticals-carita-decleor-provence-alpilles.jpg\",\"datePublished\":\"2017-11-12T08:03:46+00:00\",\"dateModified\":\"2025-10-27T08:46:06+00:00\",\"description\":\"The du C\u00f4t\u00e9 des Olivades spa is the only spa in Provence to work with the 3 largest aesthetics and well-being specialists: Carita, Decl\u00e9or & SkinCeuticals.\",\"breadcrumb\":{\"@id\":\"https:\/\/www.ducotedesolivades.com\/en\/spa-provence-alpilles\/treatments-and-services#breadcrumb\"},\"inLanguage\":\"en-US\",\"potentialAction\":[{\"@type\":\"ReadAction\",\"target\":[\"https:\/\/www.ducotedesolivades.com\/en\/spa-provence-alpilles\/treatments-and-services\"]}]},{\"@type\":\"ImageObject\",\"inLanguage\":\"en-US\",\"@id\":\"https:\/\/www.ducotedesolivades.com\/en\/spa-provence-alpilles\/treatments-and-services#primaryimage\",\"url\":\"https:\/\/www.ducotedesolivades.com\/wp-content\/uploads\/2017\/11\/soins-massages-skinceuticals-carita-decleor-provence-alpilles.jpg\",\"contentUrl\":\"https:\/\/www.ducotedesolivades.com\/wp-content\/uploads\/2017\/11\/soins-massages-skinceuticals-carita-decleor-provence-alpilles.jpg\",\"width\":2000,\"height\":370},{\"@type\":\"BreadcrumbList\",\"@id\":\"https:\/\/www.ducotedesolivades.com\/en\/spa-provence-alpilles\/treatments-and-services#breadcrumb\",\"itemListElement\":[{\"@type\":\"ListItem\",\"position\":1,\"name\":\"Accueil\",\"item\":\"https:\/\/www.ducotedesolivades.com\/en\"},{\"@type\":\"ListItem\",\"position\":2,\"name\":\"Wellness\",\"item\":\"https:\/\/www.ducotedesolivades.com\/spa-provence-alpilles\"},{\"@type\":\"ListItem\",\"position\":3,\"name\":\"Care &#038; Treatments\"}]},{\"@type\":\"WebSite\",\"@id\":\"https:\/\/www.ducotedesolivades.com\/#website\",\"url\":\"https:\/\/www.ducotedesolivades.com\/\",\"name\":\"du c\u00f4t\u00e9 des olivades\",\"description\":\"\",\"potentialAction\":[{\"@type\":\"SearchAction\",\"target\":{\"@type\":\"EntryPoint\",\"urlTemplate\":\"https:\/\/www.ducotedesolivades.com\/?s={search_term_string}\"},\"query-input\":\"required name=search_term_string\"}],\"inLanguage\":\"en-US\"}]}<\/script>\n<!-- \/ Yoast SEO plugin. -->","yoast_head_json":{"title":"Spa treatments Baux-de Provence du C\u00f4t\u00e9 des Olivades****","description":"The du C\u00f4t\u00e9 des Olivades spa is the only spa in Provence to work with the 3 largest aesthetics and well-being specialists: Carita, Decl\u00e9or & SkinCeuticals.","robots":{"index":"index","follow":"follow","max-snippet":"max-snippet:-1","max-image-preview":"max-image-preview:large","max-video-preview":"max-video-preview:-1"},"canonical":"https:\/\/www.ducotedesolivades.com\/en\/spa-provence-alpilles\/treatments-and-services","og_locale":"en_US","og_type":"article","og_title":"Spa treatments Baux-de Provence du C\u00f4t\u00e9 des Olivades****","og_description":"The du C\u00f4t\u00e9 des Olivades spa is the only spa in Provence to work with the 3 largest aesthetics and well-being specialists: Carita, Decl\u00e9or & SkinCeuticals.","og_url":"https:\/\/www.ducotedesolivades.com\/en\/spa-provence-alpilles\/treatments-and-services","og_site_name":"du c\u00f4t\u00e9 des olivades","article_modified_time":"2025-10-27T08:46:06+00:00","og_image":[{"width":2000,"height":370,"url":"https:\/\/www.ducotedesolivades.com\/wp-content\/uploads\/2017\/11\/soins-massages-skinceuticals-carita-decleor-provence-alpilles.jpg","type":"image\/jpeg"}],"twitter_card":"summary_large_image","twitter_misc":{"Est. reading time":"1 minute"},"schema":{"@context":"https:\/\/schema.org","@graph":[{"@type":"WebPage","@id":"https:\/\/www.ducotedesolivades.com\/en\/spa-provence-alpilles\/treatments-and-services","url":"https:\/\/www.ducotedesolivades.com\/en\/spa-provence-alpilles\/treatments-and-services","name":"Spa treatments Baux-de Provence du C\u00f4t\u00e9 des Olivades****","isPartOf":{"@id":"https:\/\/www.ducotedesolivades.com\/#website"},"primaryImageOfPage":{"@id":"https:\/\/www.ducotedesolivades.com\/en\/spa-provence-alpilles\/treatments-and-services#primaryimage"},"image":{"@id":"https:\/\/www.ducotedesolivades.com\/en\/spa-provence-alpilles\/treatments-and-services#primaryimage"},"thumbnailUrl":"https:\/\/www.ducotedesolivades.com\/wp-content\/uploads\/2017\/11\/soins-massages-skinceuticals-carita-decleor-provence-alpilles.jpg","datePublished":"2017-11-12T08:03:46+00:00","dateModified":"2025-10-27T08:46:06+00:00","description":"The du C\u00f4t\u00e9 des Olivades spa is the only spa in Provence to work with the 3 largest aesthetics and well-being specialists: Carita, Decl\u00e9or & SkinCeuticals.","breadcrumb":{"@id":"https:\/\/www.ducotedesolivades.com\/en\/spa-provence-alpilles\/treatments-and-services#breadcrumb"},"inLanguage":"en-US","potentialAction":[{"@type":"ReadAction","target":["https:\/\/www.ducotedesolivades.com\/en\/spa-provence-alpilles\/treatments-and-services"]}]},{"@type":"ImageObject","inLanguage":"en-US","@id":"https:\/\/www.ducotedesolivades.com\/en\/spa-provence-alpilles\/treatments-and-services#primaryimage","url":"https:\/\/www.ducotedesolivades.com\/wp-content\/uploads\/2017\/11\/soins-massages-skinceuticals-carita-decleor-provence-alpilles.jpg","contentUrl":"https:\/\/www.ducotedesolivades.com\/wp-content\/uploads\/2017\/11\/soins-massages-skinceuticals-carita-decleor-provence-alpilles.jpg","width":2000,"height":370},{"@type":"BreadcrumbList","@id":"https:\/\/www.ducotedesolivades.com\/en\/spa-provence-alpilles\/treatments-and-services#breadcrumb","itemListElement":[{"@type":"ListItem","position":1,"name":"Accueil","item":"https:\/\/www.ducotedesolivades.com\/en"},{"@type":"ListItem","position":2,"name":"Wellness","item":"https:\/\/www.ducotedesolivades.com\/spa-provence-alpilles"},{"@type":"ListItem","position":3,"name":"Care &#038; Treatments"}]},{"@type":"WebSite","@id":"https:\/\/www.ducotedesolivades.com\/#website","url":"https:\/\/www.ducotedesolivades.com\/","name":"du c\u00f4t\u00e9 des olivades","description":"","potentialAction":[{"@type":"SearchAction","target":{"@type":"EntryPoint","urlTemplate":"https:\/\/www.ducotedesolivades.com\/?s={search_term_string}"},"query-input":"required name=search_term_string"}],"inLanguage":"en-US"}]}},"_links":{"self":[{"href":"https:\/\/www.ducotedesolivades.com\/en\/wp-json\/wp\/v2\/pages\/1045"}],"collection":[{"href":"https:\/\/www.ducotedesolivades.com\/en\/wp-json\/wp\/v2\/pages"}],"about":[{"href":"https:\/\/www.ducotedesolivades.com\/en\/wp-json\/wp\/v2\/types\/page"}],"author":[{"embeddable":true,"href":"https:\/\/www.ducotedesolivades.com\/en\/wp-json\/wp\/v2\/users\/3"}],"replies":[{"embeddable":true,"href":"https:\/\/www.ducotedesolivades.com\/en\/wp-json\/wp\/v2\/comments?post=1045"}],"version-history":[{"count":34,"href":"https:\/\/www.ducotedesolivades.com\/en\/wp-json\/wp\/v2\/pages\/1045\/revisions"}],"predecessor-version":[{"id":24222,"href":"https:\/\/www.ducotedesolivades.com\/en\/wp-json\/wp\/v2\/pages\/1045\/revisions\/24222"}],"up":[{"embeddable":true,"href":"https:\/\/www.ducotedesolivades.com\/en\/wp-json\/wp\/v2\/pages\/1035"}],"wp:featuredmedia":[{"embeddable":true,"href":"https:\/\/www.ducotedesolivades.com\/en\/wp-json\/wp\/v2\/media\/2131"}],"wp:attachment":[{"href":"https:\/\/www.ducotedesolivades.com\/en\/wp-json\/wp\/v2\/media?parent=1045"}],"curies":[{"name":"wp","href":"https:\/\/api.w.org\/{rel}","templated":true}]}}