
{"id":1058,"date":"2017-10-31T10:33:16","date_gmt":"2017-10-31T09:33:16","guid":{"rendered":"https:\/\/www.ducotedesolivades.com\/lhotel\/"},"modified":"2018-01-31T22:30:29","modified_gmt":"2018-01-31T21:30:29","slug":"hotel-provence-alpilles","status":"publish","type":"page","link":"https:\/\/www.ducotedesolivades.com\/en\/hotel-provence-alpilles","title":{"rendered":"L&#8217;h\u00f4tel"},"content":{"rendered":"","protected":false},"excerpt":{"rendered":"","protected":false},"author":3,"featured_media":2178,"parent":0,"menu_order":0,"comment_status":"closed","ping_status":"closed","template":"interpage.php","meta":{"_acf_changed":false,"footnotes":""},"acf":[],"yoast_head":"<!-- This site is optimized with the Yoast SEO plugin v22.2 - https:\/\/yoast.com\/wordpress\/plugins\/seo\/ -->\n<title>L&#039;h\u00f4tel - du c\u00f4t\u00e9 des olivades<\/title>\n<meta name=\"robots\" content=\"index, follow, max-snippet:-1, max-image-preview:large, max-video-preview:-1\" \/>\n<link rel=\"canonical\" href=\"https:\/\/www.ducotedesolivades.com\/hotel-provence-alpilles\" \/>\n<meta property=\"og:locale\" content=\"en_US\" \/>\n<meta property=\"og:type\" content=\"article\" \/>\n<meta property=\"og:title\" content=\"L&#039;h\u00f4tel - du c\u00f4t\u00e9 des olivades\" \/>\n<meta property=\"og:url\" content=\"https:\/\/www.ducotedesolivades.com\/hotel-provence-alpilles\" \/>\n<meta property=\"og:site_name\" content=\"du c\u00f4t\u00e9 des olivades\" \/>\n<meta property=\"article:modified_time\" content=\"2018-01-31T21:30:29+00:00\" \/>\n<meta property=\"og:image\" content=\"https:\/\/www.ducotedesolivades.com\/wp-content\/uploads\/2017\/11\/hotel-4-stars-with-pool-provence.jpg\" \/>\n\t<meta property=\"og:image:width\" content=\"1024\" \/>\n\t<meta property=\"og:image:height\" content=\"581\" \/>\n\t<meta property=\"og:image:type\" content=\"image\/jpeg\" \/>\n<meta name=\"twitter:card\" content=\"summary_large_image\" \/>\n<script type=\"application\/ld+json\" class=\"yoast-schema-graph\">{\"@context\":\"https:\/\/schema.org\",\"@graph\":[{\"@type\":\"WebPage\",\"@id\":\"https:\/\/www.ducotedesolivades.com\/hotel-provence-alpilles\",\"url\":\"https:\/\/www.ducotedesolivades.com\/hotel-provence-alpilles\",\"name\":\"L'h\u00f4tel - du c\u00f4t\u00e9 des olivades\",\"isPartOf\":{\"@id\":\"https:\/\/www.ducotedesolivades.com\/#website\"},\"primaryImageOfPage\":{\"@id\":\"https:\/\/www.ducotedesolivades.com\/hotel-provence-alpilles#primaryimage\"},\"image\":{\"@id\":\"https:\/\/www.ducotedesolivades.com\/hotel-provence-alpilles#primaryimage\"},\"thumbnailUrl\":\"https:\/\/www.ducotedesolivades.com\/wp-content\/uploads\/2017\/11\/hotel-4-stars-with-pool-provence.jpg\",\"datePublished\":\"2017-10-31T09:33:16+00:00\",\"dateModified\":\"2018-01-31T21:30:29+00:00\",\"breadcrumb\":{\"@id\":\"https:\/\/www.ducotedesolivades.com\/hotel-provence-alpilles#breadcrumb\"},\"inLanguage\":\"en-US\",\"potentialAction\":[{\"@type\":\"ReadAction\",\"target\":[\"https:\/\/www.ducotedesolivades.com\/hotel-provence-alpilles\"]}]},{\"@type\":\"ImageObject\",\"inLanguage\":\"en-US\",\"@id\":\"https:\/\/www.ducotedesolivades.com\/hotel-provence-alpilles#primaryimage\",\"url\":\"https:\/\/www.ducotedesolivades.com\/wp-content\/uploads\/2017\/11\/hotel-4-stars-with-pool-provence.jpg\",\"contentUrl\":\"https:\/\/www.ducotedesolivades.com\/wp-content\/uploads\/2017\/11\/hotel-4-stars-with-pool-provence.jpg\",\"width\":1024,\"height\":581},{\"@type\":\"BreadcrumbList\",\"@id\":\"https:\/\/www.ducotedesolivades.com\/hotel-provence-alpilles#breadcrumb\",\"itemListElement\":[{\"@type\":\"ListItem\",\"position\":1,\"name\":\"Accueil\",\"item\":\"https:\/\/www.ducotedesolivades.com\/en\"},{\"@type\":\"ListItem\",\"position\":2,\"name\":\"L&rsquo;h\u00f4tel\"}]},{\"@type\":\"WebSite\",\"@id\":\"https:\/\/www.ducotedesolivades.com\/#website\",\"url\":\"https:\/\/www.ducotedesolivades.com\/\",\"name\":\"du c\u00f4t\u00e9 des olivades\",\"description\":\"\",\"potentialAction\":[{\"@type\":\"SearchAction\",\"target\":{\"@type\":\"EntryPoint\",\"urlTemplate\":\"https:\/\/www.ducotedesolivades.com\/?s={search_term_string}\"},\"query-input\":\"required name=search_term_string\"}],\"inLanguage\":\"en-US\"}]}<\/script>\n<!-- \/ Yoast SEO plugin. -->","yoast_head_json":{"title":"L'h\u00f4tel - du c\u00f4t\u00e9 des olivades","robots":{"index":"index","follow":"follow","max-snippet":"max-snippet:-1","max-image-preview":"max-image-preview:large","max-video-preview":"max-video-preview:-1"},"canonical":"https:\/\/www.ducotedesolivades.com\/hotel-provence-alpilles","og_locale":"en_US","og_type":"article","og_title":"L'h\u00f4tel - du c\u00f4t\u00e9 des olivades","og_url":"https:\/\/www.ducotedesolivades.com\/hotel-provence-alpilles","og_site_name":"du c\u00f4t\u00e9 des olivades","article_modified_time":"2018-01-31T21:30:29+00:00","og_image":[{"width":1024,"height":581,"url":"https:\/\/www.ducotedesolivades.com\/wp-content\/uploads\/2017\/11\/hotel-4-stars-with-pool-provence.jpg","type":"image\/jpeg"}],"twitter_card":"summary_large_image","schema":{"@context":"https:\/\/schema.org","@graph":[{"@type":"WebPage","@id":"https:\/\/www.ducotedesolivades.com\/hotel-provence-alpilles","url":"https:\/\/www.ducotedesolivades.com\/hotel-provence-alpilles","name":"L'h\u00f4tel - du c\u00f4t\u00e9 des olivades","isPartOf":{"@id":"https:\/\/www.ducotedesolivades.com\/#website"},"primaryImageOfPage":{"@id":"https:\/\/www.ducotedesolivades.com\/hotel-provence-alpilles#primaryimage"},"image":{"@id":"https:\/\/www.ducotedesolivades.com\/hotel-provence-alpilles#primaryimage"},"thumbnailUrl":"https:\/\/www.ducotedesolivades.com\/wp-content\/uploads\/2017\/11\/hotel-4-stars-with-pool-provence.jpg","datePublished":"2017-10-31T09:33:16+00:00","dateModified":"2018-01-31T21:30:29+00:00","breadcrumb":{"@id":"https:\/\/www.ducotedesolivades.com\/hotel-provence-alpilles#breadcrumb"},"inLanguage":"en-US","potentialAction":[{"@type":"ReadAction","target":["https:\/\/www.ducotedesolivades.com\/hotel-provence-alpilles"]}]},{"@type":"ImageObject","inLanguage":"en-US","@id":"https:\/\/www.ducotedesolivades.com\/hotel-provence-alpilles#primaryimage","url":"https:\/\/www.ducotedesolivades.com\/wp-content\/uploads\/2017\/11\/hotel-4-stars-with-pool-provence.jpg","contentUrl":"https:\/\/www.ducotedesolivades.com\/wp-content\/uploads\/2017\/11\/hotel-4-stars-with-pool-provence.jpg","width":1024,"height":581},{"@type":"BreadcrumbList","@id":"https:\/\/www.ducotedesolivades.com\/hotel-provence-alpilles#breadcrumb","itemListElement":[{"@type":"ListItem","position":1,"name":"Accueil","item":"https:\/\/www.ducotedesolivades.com\/en"},{"@type":"ListItem","position":2,"name":"L&rsquo;h\u00f4tel"}]},{"@type":"WebSite","@id":"https:\/\/www.ducotedesolivades.com\/#website","url":"https:\/\/www.ducotedesolivades.com\/","name":"du c\u00f4t\u00e9 des olivades","description":"","potentialAction":[{"@type":"SearchAction","target":{"@type":"EntryPoint","urlTemplate":"https:\/\/www.ducotedesolivades.com\/?s={search_term_string}"},"query-input":"required name=search_term_string"}],"inLanguage":"en-US"}]}},"_links":{"self":[{"href":"https:\/\/www.ducotedesolivades.com\/en\/wp-json\/wp\/v2\/pages\/1058"}],"collection":[{"href":"https:\/\/www.ducotedesolivades.com\/en\/wp-json\/wp\/v2\/pages"}],"about":[{"href":"https:\/\/www.ducotedesolivades.com\/en\/wp-json\/wp\/v2\/types\/page"}],"author":[{"embeddable":true,"href":"https:\/\/www.ducotedesolivades.com\/en\/wp-json\/wp\/v2\/users\/3"}],"replies":[{"embeddable":true,"href":"https:\/\/www.ducotedesolivades.com\/en\/wp-json\/wp\/v2\/comments?post=1058"}],"version-history":[{"count":1,"href":"https:\/\/www.ducotedesolivades.com\/en\/wp-json\/wp\/v2\/pages\/1058\/revisions"}],"predecessor-version":[{"id":1481,"href":"https:\/\/www.ducotedesolivades.com\/en\/wp-json\/wp\/v2\/pages\/1058\/revisions\/1481"}],"wp:featuredmedia":[{"embeddable":true,"href":"https:\/\/www.ducotedesolivades.com\/en\/wp-json\/wp\/v2\/media\/2178"}],"wp:attachment":[{"href":"https:\/\/www.ducotedesolivades.com\/en\/wp-json\/wp\/v2\/media?parent=1058"}],"curies":[{"name":"wp","href":"https:\/\/api.w.org\/{rel}","templated":true}]}}