
{"id":2396,"date":"2017-12-12T14:40:25","date_gmt":"2017-12-12T13:40:25","guid":{"rendered":"https:\/\/www.ducotedesolivades.com?page_id=2396"},"modified":"2018-02-02T00:05:13","modified_gmt":"2018-02-01T23:05:13","slug":"het-hotel","status":"publish","type":"page","link":"https:\/\/www.ducotedesolivades.com\/nl\/nieuwsberichten\/het-hotel","title":{"rendered":"Bij het Hotel"},"content":{"rendered":"<p style=\"text-align: center;\">Lees deze nieuwtjes over wat er allemaal gebeurt in uw 4-sterrenhotel<br \/>\nDu C\u00f4t\u00e9 des Olivades om u optimaal te kunnen voorbereiden op uw verblijf hier!<br \/>\nVan Arles tot Avignon, van de Alpilles tot de Luberon via de Camargue\u00a0&#8230;<br \/>\nOntdek nieuwtjes en het programma met festiviteiten van de steden en dorpen in de streek.<\/p>\n","protected":false},"excerpt":{"rendered":"<p>Lees deze nieuwtjes over wat er allemaal gebeurt in uw 4-sterrenhotel Du C\u00f4t\u00e9 des Olivades om u optimaal te kunnen voorbereiden op uw verblijf hier! Van Arles tot Avignon, van de Alpilles tot de Luberon via de Camargue\u00a0&#8230; Ontdek nieuwtjes en het programma met festiviteiten van de steden en dorpen in de streek.<\/p>\n","protected":false},"author":7,"featured_media":2398,"parent":2382,"menu_order":0,"comment_status":"closed","ping_status":"closed","template":"actualites.php","meta":{"_acf_changed":false,"footnotes":""},"acf":[],"yoast_head":"<!-- This site is optimized with the Yoast SEO plugin v22.2 - https:\/\/yoast.com\/wordpress\/plugins\/seo\/ -->\n<title>Bij het Hotel - du c\u00f4t\u00e9 des olivades<\/title>\n<meta name=\"robots\" content=\"index, follow, max-snippet:-1, max-image-preview:large, max-video-preview:-1\" \/>\n<link rel=\"canonical\" href=\"https:\/\/www.ducotedesolivades.com\/actualite-provence-alpilles\/a-lhotel\" \/>\n<meta property=\"og:locale\" content=\"nl_NL\" \/>\n<meta property=\"og:type\" content=\"article\" \/>\n<meta property=\"og:title\" content=\"Bij het Hotel - du c\u00f4t\u00e9 des olivades\" \/>\n<meta property=\"og:description\" content=\"Lees deze nieuwtjes over wat er allemaal gebeurt in uw 4-sterrenhotel Du C\u00f4t\u00e9 des Olivades om u optimaal te kunnen voorbereiden op uw verblijf hier! Van Arles tot Avignon, van de Alpilles tot de Luberon via de Camargue\u00a0&#8230; Ontdek nieuwtjes en het programma met festiviteiten van de steden en dorpen in de streek.\" \/>\n<meta property=\"og:url\" content=\"https:\/\/www.ducotedesolivades.com\/actualite-provence-alpilles\/a-lhotel\" \/>\n<meta property=\"og:site_name\" content=\"du c\u00f4t\u00e9 des olivades\" \/>\n<meta property=\"article:modified_time\" content=\"2018-02-01T23:05:13+00:00\" \/>\n<meta property=\"og:image\" content=\"https:\/\/www.ducotedesolivades.com\/wp-content\/uploads\/2017\/10\/D3X3937HD.jpg\" \/>\n\t<meta property=\"og:image:width\" content=\"1365\" \/>\n\t<meta property=\"og:image:height\" content=\"2048\" \/>\n\t<meta property=\"og:image:type\" content=\"image\/jpeg\" \/>\n<meta name=\"twitter:card\" content=\"summary_large_image\" \/>\n<script type=\"application\/ld+json\" class=\"yoast-schema-graph\">{\"@context\":\"https:\/\/schema.org\",\"@graph\":[{\"@type\":\"WebPage\",\"@id\":\"https:\/\/www.ducotedesolivades.com\/actualite-provence-alpilles\/a-lhotel\",\"url\":\"https:\/\/www.ducotedesolivades.com\/actualite-provence-alpilles\/a-lhotel\",\"name\":\"Bij het Hotel - du c\u00f4t\u00e9 des olivades\",\"isPartOf\":{\"@id\":\"https:\/\/www.ducotedesolivades.com\/#website\"},\"primaryImageOfPage\":{\"@id\":\"https:\/\/www.ducotedesolivades.com\/actualite-provence-alpilles\/a-lhotel#primaryimage\"},\"image\":{\"@id\":\"https:\/\/www.ducotedesolivades.com\/actualite-provence-alpilles\/a-lhotel#primaryimage\"},\"thumbnailUrl\":\"https:\/\/www.ducotedesolivades.com\/wp-content\/uploads\/2017\/10\/D3X3937HD.jpg\",\"datePublished\":\"2017-12-12T13:40:25+00:00\",\"dateModified\":\"2018-02-01T23:05:13+00:00\",\"breadcrumb\":{\"@id\":\"https:\/\/www.ducotedesolivades.com\/actualite-provence-alpilles\/a-lhotel#breadcrumb\"},\"inLanguage\":\"nl\",\"potentialAction\":[{\"@type\":\"ReadAction\",\"target\":[\"https:\/\/www.ducotedesolivades.com\/actualite-provence-alpilles\/a-lhotel\"]}]},{\"@type\":\"ImageObject\",\"inLanguage\":\"nl\",\"@id\":\"https:\/\/www.ducotedesolivades.com\/actualite-provence-alpilles\/a-lhotel#primaryimage\",\"url\":\"https:\/\/www.ducotedesolivades.com\/wp-content\/uploads\/2017\/10\/D3X3937HD.jpg\",\"contentUrl\":\"https:\/\/www.ducotedesolivades.com\/wp-content\/uploads\/2017\/10\/D3X3937HD.jpg\",\"width\":1365,\"height\":2048},{\"@type\":\"BreadcrumbList\",\"@id\":\"https:\/\/www.ducotedesolivades.com\/actualite-provence-alpilles\/a-lhotel#breadcrumb\",\"itemListElement\":[{\"@type\":\"ListItem\",\"position\":1,\"name\":\"Accueil\",\"item\":\"https:\/\/www.ducotedesolivades.com\/nl\"},{\"@type\":\"ListItem\",\"position\":2,\"name\":\"Nieuwsberichten\",\"item\":\"https:\/\/www.ducotedesolivades.com\/actualite-provence-alpilles\"},{\"@type\":\"ListItem\",\"position\":3,\"name\":\"Bij het Hotel\"}]},{\"@type\":\"WebSite\",\"@id\":\"https:\/\/www.ducotedesolivades.com\/#website\",\"url\":\"https:\/\/www.ducotedesolivades.com\/\",\"name\":\"du c\u00f4t\u00e9 des olivades\",\"description\":\"\",\"potentialAction\":[{\"@type\":\"SearchAction\",\"target\":{\"@type\":\"EntryPoint\",\"urlTemplate\":\"https:\/\/www.ducotedesolivades.com\/?s={search_term_string}\"},\"query-input\":\"required name=search_term_string\"}],\"inLanguage\":\"nl\"}]}<\/script>\n<!-- \/ Yoast SEO plugin. -->","yoast_head_json":{"title":"Bij het Hotel - du c\u00f4t\u00e9 des olivades","robots":{"index":"index","follow":"follow","max-snippet":"max-snippet:-1","max-image-preview":"max-image-preview:large","max-video-preview":"max-video-preview:-1"},"canonical":"https:\/\/www.ducotedesolivades.com\/actualite-provence-alpilles\/a-lhotel","og_locale":"nl_NL","og_type":"article","og_title":"Bij het Hotel - du c\u00f4t\u00e9 des olivades","og_description":"Lees deze nieuwtjes over wat er allemaal gebeurt in uw 4-sterrenhotel Du C\u00f4t\u00e9 des Olivades om u optimaal te kunnen voorbereiden op uw verblijf hier! Van Arles tot Avignon, van de Alpilles tot de Luberon via de Camargue\u00a0&#8230; Ontdek nieuwtjes en het programma met festiviteiten van de steden en dorpen in de streek.","og_url":"https:\/\/www.ducotedesolivades.com\/actualite-provence-alpilles\/a-lhotel","og_site_name":"du c\u00f4t\u00e9 des olivades","article_modified_time":"2018-02-01T23:05:13+00:00","og_image":[{"width":1365,"height":2048,"url":"https:\/\/www.ducotedesolivades.com\/wp-content\/uploads\/2017\/10\/D3X3937HD.jpg","type":"image\/jpeg"}],"twitter_card":"summary_large_image","schema":{"@context":"https:\/\/schema.org","@graph":[{"@type":"WebPage","@id":"https:\/\/www.ducotedesolivades.com\/actualite-provence-alpilles\/a-lhotel","url":"https:\/\/www.ducotedesolivades.com\/actualite-provence-alpilles\/a-lhotel","name":"Bij het Hotel - du c\u00f4t\u00e9 des olivades","isPartOf":{"@id":"https:\/\/www.ducotedesolivades.com\/#website"},"primaryImageOfPage":{"@id":"https:\/\/www.ducotedesolivades.com\/actualite-provence-alpilles\/a-lhotel#primaryimage"},"image":{"@id":"https:\/\/www.ducotedesolivades.com\/actualite-provence-alpilles\/a-lhotel#primaryimage"},"thumbnailUrl":"https:\/\/www.ducotedesolivades.com\/wp-content\/uploads\/2017\/10\/D3X3937HD.jpg","datePublished":"2017-12-12T13:40:25+00:00","dateModified":"2018-02-01T23:05:13+00:00","breadcrumb":{"@id":"https:\/\/www.ducotedesolivades.com\/actualite-provence-alpilles\/a-lhotel#breadcrumb"},"inLanguage":"nl","potentialAction":[{"@type":"ReadAction","target":["https:\/\/www.ducotedesolivades.com\/actualite-provence-alpilles\/a-lhotel"]}]},{"@type":"ImageObject","inLanguage":"nl","@id":"https:\/\/www.ducotedesolivades.com\/actualite-provence-alpilles\/a-lhotel#primaryimage","url":"https:\/\/www.ducotedesolivades.com\/wp-content\/uploads\/2017\/10\/D3X3937HD.jpg","contentUrl":"https:\/\/www.ducotedesolivades.com\/wp-content\/uploads\/2017\/10\/D3X3937HD.jpg","width":1365,"height":2048},{"@type":"BreadcrumbList","@id":"https:\/\/www.ducotedesolivades.com\/actualite-provence-alpilles\/a-lhotel#breadcrumb","itemListElement":[{"@type":"ListItem","position":1,"name":"Accueil","item":"https:\/\/www.ducotedesolivades.com\/nl"},{"@type":"ListItem","position":2,"name":"Nieuwsberichten","item":"https:\/\/www.ducotedesolivades.com\/actualite-provence-alpilles"},{"@type":"ListItem","position":3,"name":"Bij het Hotel"}]},{"@type":"WebSite","@id":"https:\/\/www.ducotedesolivades.com\/#website","url":"https:\/\/www.ducotedesolivades.com\/","name":"du c\u00f4t\u00e9 des olivades","description":"","potentialAction":[{"@type":"SearchAction","target":{"@type":"EntryPoint","urlTemplate":"https:\/\/www.ducotedesolivades.com\/?s={search_term_string}"},"query-input":"required name=search_term_string"}],"inLanguage":"nl"}]}},"_links":{"self":[{"href":"https:\/\/www.ducotedesolivades.com\/nl\/wp-json\/wp\/v2\/pages\/2396"}],"collection":[{"href":"https:\/\/www.ducotedesolivades.com\/nl\/wp-json\/wp\/v2\/pages"}],"about":[{"href":"https:\/\/www.ducotedesolivades.com\/nl\/wp-json\/wp\/v2\/types\/page"}],"author":[{"embeddable":true,"href":"https:\/\/www.ducotedesolivades.com\/nl\/wp-json\/wp\/v2\/users\/7"}],"replies":[{"embeddable":true,"href":"https:\/\/www.ducotedesolivades.com\/nl\/wp-json\/wp\/v2\/comments?post=2396"}],"version-history":[{"count":3,"href":"https:\/\/www.ducotedesolivades.com\/nl\/wp-json\/wp\/v2\/pages\/2396\/revisions"}],"predecessor-version":[{"id":2775,"href":"https:\/\/www.ducotedesolivades.com\/nl\/wp-json\/wp\/v2\/pages\/2396\/revisions\/2775"}],"up":[{"embeddable":true,"href":"https:\/\/www.ducotedesolivades.com\/nl\/wp-json\/wp\/v2\/pages\/2382"}],"wp:featuredmedia":[{"embeddable":true,"href":"https:\/\/www.ducotedesolivades.com\/nl\/wp-json\/wp\/v2\/media\/2398"}],"wp:attachment":[{"href":"https:\/\/www.ducotedesolivades.com\/nl\/wp-json\/wp\/v2\/media?parent=2396"}],"curies":[{"name":"wp","href":"https:\/\/api.w.org\/{rel}","templated":true}]}}