
{"id":2576,"date":"2017-10-31T15:45:45","date_gmt":"2017-10-31T14:45:45","guid":{"rendered":"https:\/\/www.ducotedesolivades.com\/hotel-provence-alpilles\/contact-acces"},"modified":"2017-12-14T16:03:19","modified_gmt":"2017-12-14T15:03:19","slug":"contact-toegang","status":"publish","type":"page","link":"https:\/\/www.ducotedesolivades.com\/nl\/contact-toegang","title":{"rendered":"Contact &#038; Toegang"},"content":{"rendered":"<h2 class=\"text-center title title-underline\"><strong>Contact &amp; toegang tot hotel Du C\u00f4t\u00e9 des Olivades<\/strong><\/h2>\n<p style=\"text-align: center;\">Een vraag? Inlichtingen of informatie over uw verblijf nodig? Of maakt u graag een<br \/>\nreservering in ons 4-sterrenhotel in de Provence?<br \/>\nOns team kijkt ernaar uit uw vragen zo snel mogelijk te<br \/>\nbeantwoorden, ongeacht of u al klant bent of niet.<\/p>\n","protected":false},"excerpt":{"rendered":"<p>Contact &amp; toegang tot hotel Du C\u00f4t\u00e9 des Olivades Een vraag? Inlichtingen of informatie over uw verblijf nodig? Of maakt u graag een reservering in ons 4-sterrenhotel in de Provence? Ons team kijkt ernaar uit uw vragen zo snel mogelijk te beantwoorden, ongeacht of u al klant bent of niet.<\/p>\n","protected":false},"author":3,"featured_media":2577,"parent":0,"menu_order":0,"comment_status":"closed","ping_status":"closed","template":"contact.php","meta":{"_acf_changed":false,"footnotes":""},"acf":[],"yoast_head":"<!-- This site is optimized with the Yoast SEO plugin v22.2 - https:\/\/yoast.com\/wordpress\/plugins\/seo\/ -->\n<title>Contact &amp; Toegang - du c\u00f4t\u00e9 des olivades<\/title>\n<meta name=\"robots\" content=\"index, follow, max-snippet:-1, max-image-preview:large, max-video-preview:-1\" \/>\n<link rel=\"canonical\" href=\"https:\/\/www.ducotedesolivades.com\/nl\/contact-toegang\" \/>\n<meta property=\"og:locale\" content=\"nl_NL\" \/>\n<meta property=\"og:type\" content=\"article\" \/>\n<meta property=\"og:title\" content=\"Contact &amp; Toegang - du c\u00f4t\u00e9 des olivades\" \/>\n<meta property=\"og:description\" content=\"Contact &amp; toegang tot hotel Du C\u00f4t\u00e9 des Olivades Een vraag? Inlichtingen of informatie over uw verblijf nodig? Of maakt u graag een reservering in ons 4-sterrenhotel in de Provence? Ons team kijkt ernaar uit uw vragen zo snel mogelijk te beantwoorden, ongeacht of u al klant bent of niet.\" \/>\n<meta property=\"og:url\" content=\"https:\/\/www.ducotedesolivades.com\/nl\/contact-toegang\" \/>\n<meta property=\"og:site_name\" content=\"du c\u00f4t\u00e9 des olivades\" \/>\n<meta property=\"article:modified_time\" content=\"2017-12-14T15:03:19+00:00\" \/>\n<meta property=\"og:image\" content=\"https:\/\/www.ducotedesolivades.com\/wp-content\/uploads\/2017\/11\/contact.jpg\" \/>\n\t<meta property=\"og:image:width\" content=\"2048\" \/>\n\t<meta property=\"og:image:height\" content=\"1365\" \/>\n\t<meta property=\"og:image:type\" content=\"image\/jpeg\" \/>\n<meta name=\"twitter:card\" content=\"summary_large_image\" \/>\n<script type=\"application\/ld+json\" class=\"yoast-schema-graph\">{\"@context\":\"https:\/\/schema.org\",\"@graph\":[{\"@type\":\"WebPage\",\"@id\":\"https:\/\/www.ducotedesolivades.com\/nl\/contact-toegang\",\"url\":\"https:\/\/www.ducotedesolivades.com\/nl\/contact-toegang\",\"name\":\"Contact & Toegang - du c\u00f4t\u00e9 des olivades\",\"isPartOf\":{\"@id\":\"https:\/\/www.ducotedesolivades.com\/#website\"},\"primaryImageOfPage\":{\"@id\":\"https:\/\/www.ducotedesolivades.com\/nl\/contact-toegang#primaryimage\"},\"image\":{\"@id\":\"https:\/\/www.ducotedesolivades.com\/nl\/contact-toegang#primaryimage\"},\"thumbnailUrl\":\"https:\/\/www.ducotedesolivades.com\/wp-content\/uploads\/2017\/11\/contact.jpg\",\"datePublished\":\"2017-10-31T14:45:45+00:00\",\"dateModified\":\"2017-12-14T15:03:19+00:00\",\"breadcrumb\":{\"@id\":\"https:\/\/www.ducotedesolivades.com\/nl\/contact-toegang#breadcrumb\"},\"inLanguage\":\"nl\",\"potentialAction\":[{\"@type\":\"ReadAction\",\"target\":[\"https:\/\/www.ducotedesolivades.com\/nl\/contact-toegang\"]}]},{\"@type\":\"ImageObject\",\"inLanguage\":\"nl\",\"@id\":\"https:\/\/www.ducotedesolivades.com\/nl\/contact-toegang#primaryimage\",\"url\":\"https:\/\/www.ducotedesolivades.com\/wp-content\/uploads\/2017\/11\/contact.jpg\",\"contentUrl\":\"https:\/\/www.ducotedesolivades.com\/wp-content\/uploads\/2017\/11\/contact.jpg\",\"width\":2048,\"height\":1365},{\"@type\":\"BreadcrumbList\",\"@id\":\"https:\/\/www.ducotedesolivades.com\/nl\/contact-toegang#breadcrumb\",\"itemListElement\":[{\"@type\":\"ListItem\",\"position\":1,\"name\":\"Accueil\",\"item\":\"https:\/\/www.ducotedesolivades.com\/nl\"},{\"@type\":\"ListItem\",\"position\":2,\"name\":\"Contact &#038; Toegang\"}]},{\"@type\":\"WebSite\",\"@id\":\"https:\/\/www.ducotedesolivades.com\/#website\",\"url\":\"https:\/\/www.ducotedesolivades.com\/\",\"name\":\"du c\u00f4t\u00e9 des olivades\",\"description\":\"\",\"potentialAction\":[{\"@type\":\"SearchAction\",\"target\":{\"@type\":\"EntryPoint\",\"urlTemplate\":\"https:\/\/www.ducotedesolivades.com\/?s={search_term_string}\"},\"query-input\":\"required name=search_term_string\"}],\"inLanguage\":\"nl\"}]}<\/script>\n<!-- \/ Yoast SEO plugin. -->","yoast_head_json":{"title":"Contact & Toegang - du c\u00f4t\u00e9 des olivades","robots":{"index":"index","follow":"follow","max-snippet":"max-snippet:-1","max-image-preview":"max-image-preview:large","max-video-preview":"max-video-preview:-1"},"canonical":"https:\/\/www.ducotedesolivades.com\/nl\/contact-toegang","og_locale":"nl_NL","og_type":"article","og_title":"Contact & Toegang - du c\u00f4t\u00e9 des olivades","og_description":"Contact &amp; toegang tot hotel Du C\u00f4t\u00e9 des Olivades Een vraag? Inlichtingen of informatie over uw verblijf nodig? Of maakt u graag een reservering in ons 4-sterrenhotel in de Provence? Ons team kijkt ernaar uit uw vragen zo snel mogelijk te beantwoorden, ongeacht of u al klant bent of niet.","og_url":"https:\/\/www.ducotedesolivades.com\/nl\/contact-toegang","og_site_name":"du c\u00f4t\u00e9 des olivades","article_modified_time":"2017-12-14T15:03:19+00:00","og_image":[{"width":2048,"height":1365,"url":"https:\/\/www.ducotedesolivades.com\/wp-content\/uploads\/2017\/11\/contact.jpg","type":"image\/jpeg"}],"twitter_card":"summary_large_image","schema":{"@context":"https:\/\/schema.org","@graph":[{"@type":"WebPage","@id":"https:\/\/www.ducotedesolivades.com\/nl\/contact-toegang","url":"https:\/\/www.ducotedesolivades.com\/nl\/contact-toegang","name":"Contact & Toegang - du c\u00f4t\u00e9 des olivades","isPartOf":{"@id":"https:\/\/www.ducotedesolivades.com\/#website"},"primaryImageOfPage":{"@id":"https:\/\/www.ducotedesolivades.com\/nl\/contact-toegang#primaryimage"},"image":{"@id":"https:\/\/www.ducotedesolivades.com\/nl\/contact-toegang#primaryimage"},"thumbnailUrl":"https:\/\/www.ducotedesolivades.com\/wp-content\/uploads\/2017\/11\/contact.jpg","datePublished":"2017-10-31T14:45:45+00:00","dateModified":"2017-12-14T15:03:19+00:00","breadcrumb":{"@id":"https:\/\/www.ducotedesolivades.com\/nl\/contact-toegang#breadcrumb"},"inLanguage":"nl","potentialAction":[{"@type":"ReadAction","target":["https:\/\/www.ducotedesolivades.com\/nl\/contact-toegang"]}]},{"@type":"ImageObject","inLanguage":"nl","@id":"https:\/\/www.ducotedesolivades.com\/nl\/contact-toegang#primaryimage","url":"https:\/\/www.ducotedesolivades.com\/wp-content\/uploads\/2017\/11\/contact.jpg","contentUrl":"https:\/\/www.ducotedesolivades.com\/wp-content\/uploads\/2017\/11\/contact.jpg","width":2048,"height":1365},{"@type":"BreadcrumbList","@id":"https:\/\/www.ducotedesolivades.com\/nl\/contact-toegang#breadcrumb","itemListElement":[{"@type":"ListItem","position":1,"name":"Accueil","item":"https:\/\/www.ducotedesolivades.com\/nl"},{"@type":"ListItem","position":2,"name":"Contact &#038; Toegang"}]},{"@type":"WebSite","@id":"https:\/\/www.ducotedesolivades.com\/#website","url":"https:\/\/www.ducotedesolivades.com\/","name":"du c\u00f4t\u00e9 des olivades","description":"","potentialAction":[{"@type":"SearchAction","target":{"@type":"EntryPoint","urlTemplate":"https:\/\/www.ducotedesolivades.com\/?s={search_term_string}"},"query-input":"required name=search_term_string"}],"inLanguage":"nl"}]}},"_links":{"self":[{"href":"https:\/\/www.ducotedesolivades.com\/nl\/wp-json\/wp\/v2\/pages\/2576"}],"collection":[{"href":"https:\/\/www.ducotedesolivades.com\/nl\/wp-json\/wp\/v2\/pages"}],"about":[{"href":"https:\/\/www.ducotedesolivades.com\/nl\/wp-json\/wp\/v2\/types\/page"}],"author":[{"embeddable":true,"href":"https:\/\/www.ducotedesolivades.com\/nl\/wp-json\/wp\/v2\/users\/3"}],"replies":[{"embeddable":true,"href":"https:\/\/www.ducotedesolivades.com\/nl\/wp-json\/wp\/v2\/comments?post=2576"}],"version-history":[{"count":3,"href":"https:\/\/www.ducotedesolivades.com\/nl\/wp-json\/wp\/v2\/pages\/2576\/revisions"}],"predecessor-version":[{"id":2638,"href":"https:\/\/www.ducotedesolivades.com\/nl\/wp-json\/wp\/v2\/pages\/2576\/revisions\/2638"}],"wp:featuredmedia":[{"embeddable":true,"href":"https:\/\/www.ducotedesolivades.com\/nl\/wp-json\/wp\/v2\/media\/2577"}],"wp:attachment":[{"href":"https:\/\/www.ducotedesolivades.com\/nl\/wp-json\/wp\/v2\/media?parent=2576"}],"curies":[{"name":"wp","href":"https:\/\/api.w.org\/{rel}","templated":true}]}}