
{"id":2590,"date":"2017-10-31T15:42:35","date_gmt":"2017-10-31T14:42:35","guid":{"rendered":"https:\/\/www.ducotedesolivades.com\/hotel-provence-alpilles\/histoire-famille"},"modified":"2017-12-14T11:39:03","modified_gmt":"2017-12-14T10:39:03","slug":"familiegeschiedenis","status":"publish","type":"page","link":"https:\/\/www.ducotedesolivades.com\/nl\/hotel-provence-alpilles\/familiegeschiedenis","title":{"rendered":"Een Familiegeschiedenis"},"content":{"rendered":"","protected":false},"excerpt":{"rendered":"","protected":false},"author":3,"featured_media":2577,"parent":2572,"menu_order":0,"comment_status":"closed","ping_status":"closed","template":"","meta":{"_acf_changed":false,"footnotes":""},"acf":[],"yoast_head":"<!-- This site is optimized with the Yoast SEO plugin v22.2 - https:\/\/yoast.com\/wordpress\/plugins\/seo\/ -->\n<title>Une histoire de famille - du C\u00f4t\u00e9 des Olivades - h\u00f4tel de charme Provence<\/title>\n<meta name=\"robots\" content=\"index, follow, max-snippet:-1, max-image-preview:large, max-video-preview:-1\" \/>\n<link rel=\"canonical\" href=\"https:\/\/www.ducotedesolivades.com\/hotel-provence-alpilles\/histoire-famille\" \/>\n<meta property=\"og:locale\" content=\"nl_NL\" \/>\n<meta property=\"og:type\" content=\"article\" \/>\n<meta property=\"og:title\" content=\"Une histoire de famille - du C\u00f4t\u00e9 des Olivades - h\u00f4tel de charme Provence\" \/>\n<meta property=\"og:url\" content=\"https:\/\/www.ducotedesolivades.com\/hotel-provence-alpilles\/histoire-famille\" \/>\n<meta property=\"og:site_name\" content=\"du c\u00f4t\u00e9 des olivades\" \/>\n<meta property=\"article:modified_time\" content=\"2017-12-14T10:39:03+00:00\" \/>\n<meta property=\"og:image\" content=\"https:\/\/www.ducotedesolivades.com\/wp-content\/uploads\/2017\/11\/contact.jpg\" \/>\n\t<meta property=\"og:image:width\" content=\"2048\" \/>\n\t<meta property=\"og:image:height\" content=\"1365\" \/>\n\t<meta property=\"og:image:type\" content=\"image\/jpeg\" \/>\n<meta name=\"twitter:card\" content=\"summary_large_image\" \/>\n<script type=\"application\/ld+json\" class=\"yoast-schema-graph\">{\"@context\":\"https:\/\/schema.org\",\"@graph\":[{\"@type\":\"WebPage\",\"@id\":\"https:\/\/www.ducotedesolivades.com\/hotel-provence-alpilles\/histoire-famille\",\"url\":\"https:\/\/www.ducotedesolivades.com\/hotel-provence-alpilles\/histoire-famille\",\"name\":\"Une histoire de famille - du C\u00f4t\u00e9 des Olivades - h\u00f4tel de charme Provence\",\"isPartOf\":{\"@id\":\"https:\/\/www.ducotedesolivades.com\/#website\"},\"primaryImageOfPage\":{\"@id\":\"https:\/\/www.ducotedesolivades.com\/hotel-provence-alpilles\/histoire-famille#primaryimage\"},\"image\":{\"@id\":\"https:\/\/www.ducotedesolivades.com\/hotel-provence-alpilles\/histoire-famille#primaryimage\"},\"thumbnailUrl\":\"https:\/\/www.ducotedesolivades.com\/wp-content\/uploads\/2017\/11\/contact.jpg\",\"datePublished\":\"2017-10-31T14:42:35+00:00\",\"dateModified\":\"2017-12-14T10:39:03+00:00\",\"breadcrumb\":{\"@id\":\"https:\/\/www.ducotedesolivades.com\/hotel-provence-alpilles\/histoire-famille#breadcrumb\"},\"inLanguage\":\"nl\",\"potentialAction\":[{\"@type\":\"ReadAction\",\"target\":[\"https:\/\/www.ducotedesolivades.com\/hotel-provence-alpilles\/histoire-famille\"]}]},{\"@type\":\"ImageObject\",\"inLanguage\":\"nl\",\"@id\":\"https:\/\/www.ducotedesolivades.com\/hotel-provence-alpilles\/histoire-famille#primaryimage\",\"url\":\"https:\/\/www.ducotedesolivades.com\/wp-content\/uploads\/2017\/11\/contact.jpg\",\"contentUrl\":\"https:\/\/www.ducotedesolivades.com\/wp-content\/uploads\/2017\/11\/contact.jpg\",\"width\":2048,\"height\":1365},{\"@type\":\"BreadcrumbList\",\"@id\":\"https:\/\/www.ducotedesolivades.com\/hotel-provence-alpilles\/histoire-famille#breadcrumb\",\"itemListElement\":[{\"@type\":\"ListItem\",\"position\":1,\"name\":\"Accueil\",\"item\":\"https:\/\/www.ducotedesolivades.com\/nl\"},{\"@type\":\"ListItem\",\"position\":2,\"name\":\"Het Hotel\",\"item\":\"https:\/\/www.ducotedesolivades.com\/hotel-provence-alpilles\"},{\"@type\":\"ListItem\",\"position\":3,\"name\":\"Een Familiegeschiedenis\"}]},{\"@type\":\"WebSite\",\"@id\":\"https:\/\/www.ducotedesolivades.com\/#website\",\"url\":\"https:\/\/www.ducotedesolivades.com\/\",\"name\":\"du c\u00f4t\u00e9 des olivades\",\"description\":\"\",\"potentialAction\":[{\"@type\":\"SearchAction\",\"target\":{\"@type\":\"EntryPoint\",\"urlTemplate\":\"https:\/\/www.ducotedesolivades.com\/?s={search_term_string}\"},\"query-input\":\"required name=search_term_string\"}],\"inLanguage\":\"nl\"}]}<\/script>\n<!-- \/ Yoast SEO plugin. -->","yoast_head_json":{"title":"Une histoire de famille - du C\u00f4t\u00e9 des Olivades - h\u00f4tel de charme Provence","robots":{"index":"index","follow":"follow","max-snippet":"max-snippet:-1","max-image-preview":"max-image-preview:large","max-video-preview":"max-video-preview:-1"},"canonical":"https:\/\/www.ducotedesolivades.com\/hotel-provence-alpilles\/histoire-famille","og_locale":"nl_NL","og_type":"article","og_title":"Une histoire de famille - du C\u00f4t\u00e9 des Olivades - h\u00f4tel de charme Provence","og_url":"https:\/\/www.ducotedesolivades.com\/hotel-provence-alpilles\/histoire-famille","og_site_name":"du c\u00f4t\u00e9 des olivades","article_modified_time":"2017-12-14T10:39:03+00:00","og_image":[{"width":2048,"height":1365,"url":"https:\/\/www.ducotedesolivades.com\/wp-content\/uploads\/2017\/11\/contact.jpg","type":"image\/jpeg"}],"twitter_card":"summary_large_image","schema":{"@context":"https:\/\/schema.org","@graph":[{"@type":"WebPage","@id":"https:\/\/www.ducotedesolivades.com\/hotel-provence-alpilles\/histoire-famille","url":"https:\/\/www.ducotedesolivades.com\/hotel-provence-alpilles\/histoire-famille","name":"Une histoire de famille - du C\u00f4t\u00e9 des Olivades - h\u00f4tel de charme Provence","isPartOf":{"@id":"https:\/\/www.ducotedesolivades.com\/#website"},"primaryImageOfPage":{"@id":"https:\/\/www.ducotedesolivades.com\/hotel-provence-alpilles\/histoire-famille#primaryimage"},"image":{"@id":"https:\/\/www.ducotedesolivades.com\/hotel-provence-alpilles\/histoire-famille#primaryimage"},"thumbnailUrl":"https:\/\/www.ducotedesolivades.com\/wp-content\/uploads\/2017\/11\/contact.jpg","datePublished":"2017-10-31T14:42:35+00:00","dateModified":"2017-12-14T10:39:03+00:00","breadcrumb":{"@id":"https:\/\/www.ducotedesolivades.com\/hotel-provence-alpilles\/histoire-famille#breadcrumb"},"inLanguage":"nl","potentialAction":[{"@type":"ReadAction","target":["https:\/\/www.ducotedesolivades.com\/hotel-provence-alpilles\/histoire-famille"]}]},{"@type":"ImageObject","inLanguage":"nl","@id":"https:\/\/www.ducotedesolivades.com\/hotel-provence-alpilles\/histoire-famille#primaryimage","url":"https:\/\/www.ducotedesolivades.com\/wp-content\/uploads\/2017\/11\/contact.jpg","contentUrl":"https:\/\/www.ducotedesolivades.com\/wp-content\/uploads\/2017\/11\/contact.jpg","width":2048,"height":1365},{"@type":"BreadcrumbList","@id":"https:\/\/www.ducotedesolivades.com\/hotel-provence-alpilles\/histoire-famille#breadcrumb","itemListElement":[{"@type":"ListItem","position":1,"name":"Accueil","item":"https:\/\/www.ducotedesolivades.com\/nl"},{"@type":"ListItem","position":2,"name":"Het Hotel","item":"https:\/\/www.ducotedesolivades.com\/hotel-provence-alpilles"},{"@type":"ListItem","position":3,"name":"Een Familiegeschiedenis"}]},{"@type":"WebSite","@id":"https:\/\/www.ducotedesolivades.com\/#website","url":"https:\/\/www.ducotedesolivades.com\/","name":"du c\u00f4t\u00e9 des olivades","description":"","potentialAction":[{"@type":"SearchAction","target":{"@type":"EntryPoint","urlTemplate":"https:\/\/www.ducotedesolivades.com\/?s={search_term_string}"},"query-input":"required name=search_term_string"}],"inLanguage":"nl"}]}},"_links":{"self":[{"href":"https:\/\/www.ducotedesolivades.com\/nl\/wp-json\/wp\/v2\/pages\/2590"}],"collection":[{"href":"https:\/\/www.ducotedesolivades.com\/nl\/wp-json\/wp\/v2\/pages"}],"about":[{"href":"https:\/\/www.ducotedesolivades.com\/nl\/wp-json\/wp\/v2\/types\/page"}],"author":[{"embeddable":true,"href":"https:\/\/www.ducotedesolivades.com\/nl\/wp-json\/wp\/v2\/users\/3"}],"replies":[{"embeddable":true,"href":"https:\/\/www.ducotedesolivades.com\/nl\/wp-json\/wp\/v2\/comments?post=2590"}],"version-history":[{"count":2,"href":"https:\/\/www.ducotedesolivades.com\/nl\/wp-json\/wp\/v2\/pages\/2590\/revisions"}],"predecessor-version":[{"id":2593,"href":"https:\/\/www.ducotedesolivades.com\/nl\/wp-json\/wp\/v2\/pages\/2590\/revisions\/2593"}],"up":[{"embeddable":true,"href":"https:\/\/www.ducotedesolivades.com\/nl\/wp-json\/wp\/v2\/pages\/2572"}],"wp:featuredmedia":[{"embeddable":true,"href":"https:\/\/www.ducotedesolivades.com\/nl\/wp-json\/wp\/v2\/media\/2577"}],"wp:attachment":[{"href":"https:\/\/www.ducotedesolivades.com\/nl\/wp-json\/wp\/v2\/media?parent=2590"}],"curies":[{"name":"wp","href":"https:\/\/api.w.org\/{rel}","templated":true}]}}